{"id":3176,"date":"2024-02-14T11:48:55","date_gmt":"2024-02-14T11:48:55","guid":{"rendered":"https:\/\/healthificraft.com\/?page_id=3176"},"modified":"2024-02-14T11:48:55","modified_gmt":"2024-02-14T11:48:55","slug":"imprint","status":"publish","type":"page","link":"https:\/\/healthificraft.com\/website\/imprint\/","title":{"rendered":"Imprint"},"content":{"rendered":"<p><b>Site Notice<\/b><\/p>\n<p><b>Information pursuant to Sect. 5 German Telemedia Act (TMG)<\/b><\/p>\n<p><span style=\"font-weight: 400;\">ArtifiCraft GmbH<\/span><\/p>\n<p><span style=\"font-weight: 400;\">Schellingstra\u00dfe 109 a<\/span><\/p>\n<p><span style=\"font-weight: 400;\">80798 M\u00fcnchen<\/span><\/p>\n<p><span style=\"font-weight: 400;\">Commercial Register: HRB 251595<\/span><\/p>\n<p><span style=\"font-weight: 400;\">Registration court: M\u00fcnchen<\/span><\/p>\n<p><span style=\"font-weight: 400;\">Represented by:<\/span><\/p>\n<p><span style=\"font-weight: 400;\">Ramona Al Dreihi<\/span><\/p>\n<p><b>Contact<\/b><\/p>\n<p><span style=\"font-weight: 400;\">Phone: 01747643496<\/span><\/p>\n<p><span style=\"font-weight: 400;\">Telefax: upon your request<\/span><\/p>\n<p><span style=\"font-weight: 400;\">E-mail: info@artificraft.com<\/span><\/p>\n<p><b>VAT ID<\/b><\/p>\n<p><span style=\"font-weight: 400;\">Sales tax identification number according to Sect. 27 a of the Sales Tax Law:<\/span><\/p>\n<p><span style=\"font-weight: 400;\">DE326748928<\/span><\/p>\n<p><b>Responsible person in accordance with Section 18 Paragraph 2 MStV:<\/b><\/p>\n<p><span style=\"font-weight: 400;\">Ramona Al Dreihi, c\/o ArtifiCraft GmbH, Schellingstra\u00dfe 109 a, 80798 Munich<\/span><\/p>\n<p><span style=\"font-weight: 400;\">Responsible supervisory authority for the provision of audiovisual media services:<\/span><\/p>\n<p><span style=\"font-weight: 400;\">BLM, Heinrich-L\u00fcbke-Stra\u00dfe 27, 81737 Munich<\/span><\/p>\n<p><b>EU dispute resolution<\/b><\/p>\n<p><span style=\"font-weight: 400;\">The European Commission provides a platform for online dispute resolution (ODR): https:\/\/ec.europa.eu\/consumers\/odr.<\/span><\/p>\n<p><span style=\"font-weight: 400;\">Our e-mail address can be found above in the site notice.<\/span><\/p>\n<p><b>Dispute resolution proceedings in front of a consumer arbitration board<\/b><\/p>\n<p><span style=\"font-weight: 400;\">We are not willing or obliged to participate in dispute resolution proceedings in front of a consumer arbitration board.<\/span><\/p>\n<p><b>Liability for Contents<\/b><\/p>\n<p><span style=\"font-weight: 400;\">As service providers, we are liable for own contents of these websites according to Paragraph 7, Sect. 1 German Telemedia Act (TMG). However, according to Paragraphs 8 to 10 German Telemedia Act (TMG), service providers are not obligated to permanently monitor submitted or stored information or to search for evidences that indicate illegal activities.<\/span><\/p>\n<p><span style=\"font-weight: 400;\">Legal obligations to removing information or to blocking the use of information remain unchallenged. In this case, liability is only possible at the time of knowledge about a specific violation of law. Illegal contents will be removed immediately at the time we get knowledge of them.<\/span><\/p>\n<p><b>Liability for Links<\/b><\/p>\n<p><span style=\"font-weight: 400;\">Our offer includes links to external third party websites. We have no influence on the contents of those websites, therefore we cannot guarantee for those contents. Providers or administrators of linked websites are always responsible for their own contents.<\/span><\/p>\n<p><span style=\"font-weight: 400;\">The linked websites had been checked for possible violations of law at the time of the establishment of the link. Illegal contents were not detected at the time of the linking. A permanent monitoring of the contents of linked websites cannot be imposed without reasonable indications that there has been a violation of law. Illegal links will be removed immediately at the time we get knowledge of them.<\/span><\/p>\n<p><b>Copyright<\/b><\/p>\n<p><span style=\"font-weight: 400;\">Contents and compilations published on these websites by the providers are subject to German copyright laws. Reproduction, editing, distribution as well as the use of any kind outside the scope of the copyright law require a written permission of the author or originator. Downloads and copies of these websites are permitted for private use only.<\/span><\/p>\n<p><span style=\"font-weight: 400;\">The commercial use of our contents without permission of the originator is prohibited.<\/span><\/p>\n<p><span style=\"font-weight: 400;\">Copyright laws of third parties are respected as long as the contents on these websites do not originate from the provider. Contributions of third parties on this site are indicated as such. However, if you notice any violations of copyright law, please inform us. Such contents will be removed immediately.<\/span><\/p>\n","protected":false},"excerpt":{"rendered":"<p>Site Notice Information pursuant to Sect. 5 German Telemedia Act (TMG) ArtifiCraft GmbH Schellingstra\u00dfe 109 a 80798 M\u00fcnchen Commercial Register: HRB 251595 Registration court: M\u00fcnchen Represented by: Ramona Al Dreihi Contact Phone: 01747643496 Telefax: upon your request E-mail: info@artificraft.com VAT&#8230;<\/p>\n","protected":false},"author":1,"featured_media":0,"parent":0,"menu_order":0,"comment_status":"closed","ping_status":"closed","template":"","meta":{"_monsterinsights_skip_tracking":false,"_monsterinsights_sitenote_active":false,"_monsterinsights_sitenote_note":"","_monsterinsights_sitenote_category":0,"footnotes":""},"aioseo_notices":[],"post_mailing_queue_ids":[],"_links":{"self":[{"href":"https:\/\/healthificraft.com\/website\/wp-json\/wp\/v2\/pages\/3176"}],"collection":[{"href":"https:\/\/healthificraft.com\/website\/wp-json\/wp\/v2\/pages"}],"about":[{"href":"https:\/\/healthificraft.com\/website\/wp-json\/wp\/v2\/types\/page"}],"author":[{"embeddable":true,"href":"https:\/\/healthificraft.com\/website\/wp-json\/wp\/v2\/users\/1"}],"replies":[{"embeddable":true,"href":"https:\/\/healthificraft.com\/website\/wp-json\/wp\/v2\/comments?post=3176"}],"version-history":[{"count":0,"href":"https:\/\/healthificraft.com\/website\/wp-json\/wp\/v2\/pages\/3176\/revisions"}],"wp:attachment":[{"href":"https:\/\/healthificraft.com\/website\/wp-json\/wp\/v2\/media?parent=3176"}],"curies":[{"name":"wp","href":"https:\/\/api.w.org\/{rel}","templated":true}]}}