{"id":3110,"date":"2024-01-09T14:47:22","date_gmt":"2024-01-09T14:47:22","guid":{"rendered":"https:\/\/healthificraft.techweiler.com\/?page_id=3110"},"modified":"2024-02-20T17:05:50","modified_gmt":"2024-02-20T17:05:50","slug":"kontaktieren-sie-uns","status":"publish","type":"page","link":"https:\/\/healthificraft.com\/website\/de\/kontaktieren-sie-uns\/","title":{"rendered":"Kontaktieren Sie uns"},"content":{"rendered":"<div class=\"wpb-content-wrapper\"><p>[vc_section parallax_image_attachment=&#8221;inherit&#8221; padding_class=&#8221;wide-100&#8243; el_id=&#8221;contacts-2&#8243; el_class=&#8221;contacts-section division&#8221;][vc_row][vc_column width=&#8221;1\/12&#8243;][\/vc_column][vc_column width=&#8221;5\/6&#8243;]\r\n        <div class=\"section-title text-center\">\r\n            <h3 class=\"h3-lg\">M\u00f6chten Sie Kontakt aufnehmen? Wir h\u00f6ren zu.<\/h3>\r\n            <p class=\"p-md\">Sie k\u00f6nnen uns kontaktieren, indem Sie das Kontaktformular ausf\u00fcllen oder uns eine E-Mail an info@healthificraft.com senden. Wir werden uns so schnell wie m\u00f6glich bei Ihnen melden.<\/p>         \r\n        <\/div>[\/vc_column][vc_column width=&#8221;1\/12&#8243;][\/vc_column][\/vc_row][vc_row][vc_column]<div class=\"wpforms-container wpforms-container-full\" id=\"wpforms-3212\"><form id=\"wpforms-form-3212\" class=\"wpforms-validate wpforms-form\" data-formid=\"3212\" method=\"post\" enctype=\"multipart\/form-data\" action=\"\/website\/wp-json\/wp\/v2\/pages\/3110\" data-token=\"6aedad2a4911f27686613b0d2834cd28\"><div class=\"wpforms-head-container\"><\/div><noscript class=\"wpforms-error-noscript\">Please enable JavaScript in your browser to complete this form.<\/noscript><div class=\"wpforms-field-container\"><div id=\"wpforms-3212-field_1-container\" class=\"wpforms-field wpforms-field-name\" data-field-id=\"1\"><label class=\"wpforms-field-label wpforms-label-hide\" for=\"wpforms-3212-field_1\">Name <span class=\"wpforms-required-label\">*<\/span><\/label><div class=\"wpforms-field-row wpforms-field-large\"><div class=\"wpforms-field-row-block wpforms-first wpforms-one-half\"><input type=\"text\" id=\"wpforms-3212-field_1\" class=\"wpforms-field-name-first wpforms-field-required\" name=\"wpforms[fields][1][first]\" placeholder=\"Vorname\" required><label for=\"wpforms-3212-field_1\" class=\"wpforms-field-sublabel after wpforms-sublabel-hide\">First<\/label><\/div><div class=\"wpforms-field-row-block wpforms-one-half\"><input type=\"text\" id=\"wpforms-3212-field_1-last\" class=\"wpforms-field-name-last wpforms-field-required\" name=\"wpforms[fields][1][last]\" placeholder=\"Nachname\" required><label for=\"wpforms-3212-field_1-last\" class=\"wpforms-field-sublabel after wpforms-sublabel-hide\">Last<\/label><\/div><\/div><\/div><div id=\"wpforms-3212-field_2-container\" class=\"wpforms-field wpforms-field-email\" data-field-id=\"2\"><label class=\"wpforms-field-label wpforms-label-hide\" for=\"wpforms-3212-field_2\">E-Mail <span class=\"wpforms-required-label\">*<\/span><\/label><input type=\"email\" id=\"wpforms-3212-field_2\" class=\"wpforms-field-large wpforms-field-required\" name=\"wpforms[fields][2]\" placeholder=\"E-Mail\" required><\/div><div id=\"wpforms-3212-field_3-container\" class=\"wpforms-field wpforms-field-phone\" data-field-id=\"3\"><label class=\"wpforms-field-label wpforms-label-hide\" for=\"wpforms-3212-field_3\">Telefon<\/label><input type=\"tel\" id=\"wpforms-3212-field_3\" class=\"wpforms-field-large wpforms-smart-phone-field\" data-rule-smart-phone-field=\"true\" name=\"wpforms[fields][3]\" placeholder=\"Telefon\" ><\/div><div id=\"wpforms-3212-field_4-container\" class=\"wpforms-field wpforms-field-textarea\" data-field-id=\"4\"><label class=\"wpforms-field-label wpforms-label-hide\" for=\"wpforms-3212-field_4\">Kommentar oder Nachricht<\/label><textarea id=\"wpforms-3212-field_4\" class=\"wpforms-field-small\" name=\"wpforms[fields][4]\" placeholder=\"Kommentar oder Nachricht\" ><\/textarea><\/div><\/div><div class=\"wpforms-submit-container\" ><input type=\"hidden\" name=\"wpforms[id]\" value=\"3212\"><input type=\"hidden\" name=\"wpforms[author]\" value=\"1\"><button type=\"submit\" name=\"wpforms[submit]\" class=\"wpforms-submit \" id=\"wpforms-submit-3212\" value=\"wpforms-submit\" aria-live=\"assertive\" data-alt-text=\"Sending...\" data-submit-text=\"Senden\">Senden<\/button><\/div><\/form><\/div>  <!-- .wpforms-container -->[\/vc_column][\/vc_row][\/vc_section][vc_section section_type=&#8221;download&#8221; download_type=&#8221;1&#8243; bg_class=&#8221;bg-tra&#8221; parallax_image_attachment=&#8221;scroll&#8221; padding_class=&#8221;&#8221; el_class=&#8221;bg-geometric&#8221;][vc_row][vc_column width=&#8221;1\/12&#8243; column_inner_style=&#8221;download-img&#8221; download_img_type=&#8221;5&#8243;][\/vc_column][vc_column width=&#8221;10\/12&#8243;]\r\n        <div class=\"download-txt white-color text-center\"> \r\n        \t            \r\n            <h3 class=\"Default h3-xs none  wow perch-fadeInUp fadeInUp\" data-wow-delay=\"300ms\" data-wow-duration=\"1200ms\">Der Einstieg dauert weniger als 5 Minuten<\/h3>\r\n            <p class=\"Default p-md none  wow perch-fadeInUp fadeInUp\" data-wow-delay=\"400ms\" data-wow-duration=\"1200ms\">Um diese App auf Ihrem Telefon zu testen, klicken Sie einfach auf die Schaltfl\u00e4che unten und laden Sie sie herunter<\/p>    \r\n             \r\n            <div class=\"stores-badge  wow perch-fadeInUp fadeInUp\" data-wow-delay=\"500ms\" data-wow-duration=\"1200ms\">\r\n                <a target=\"_blank\"  href=\"#\"  title=\"Appstore\"  class=\"img-btn default-hover store btn-type-light\"><span><img decoding=\"async\" src=\"https:\/\/jthemes.net\/themes\/wp\/nextapp\/landing\/files\/images\/store_badges\/appstore-tra-white.png\" alt=\"Appstore\" class=\"store-btn\" width=\"160\"><\/span><\/a><a target=\"_blank\"  href=\"#\"  title=\"Googleplay\"  class=\"img-btn default-hover store btn-type-light\"><span><img decoding=\"async\" src=\"https:\/\/jthemes.net\/themes\/wp\/nextapp\/landing\/files\/images\/store_badges\/googleplay-tra-white.png\" alt=\"Googleplay\" class=\"store-btn\" width=\"160\"><\/span><\/a>\r\n                <span class=\"os-version\">* Verf\u00fcgbar auf dem iPhone und allen Android-Ger\u00e4ten.<\/span>\r\n            <\/div>      \r\n        <\/div>[\/vc_column][vc_column width=&#8221;1\/12&#8243;][\/vc_column][\/vc_row][\/vc_section]<\/p>\n<\/div>","protected":false},"excerpt":{"rendered":"<p>[vc_section parallax_image_attachment=&#8221;inherit&#8221; padding_class=&#8221;wide-100&#8243; el_id=&#8221;contacts-2&#8243; el_class=&#8221;contacts-section division&#8221;][vc_row][vc_column width=&#8221;1\/12&#8243;][\/vc_column][vc_column width=&#8221;5\/6&#8243;][\/vc_column][vc_column width=&#8221;1\/12&#8243;][\/vc_column][\/vc_row][vc_row][vc_column][\/vc_column][\/vc_row][\/vc_section][vc_section section_type=&#8221;download&#8221; download_type=&#8221;1&#8243; bg_class=&#8221;bg-tra&#8221; parallax_image_attachment=&#8221;scroll&#8221; padding_class=&#8221;&#8221; el_class=&#8221;bg-geometric&#8221;][vc_row][vc_column width=&#8221;1\/12&#8243; column_inner_style=&#8221;download-img&#8221; download_img_type=&#8221;5&#8243;][\/vc_column][vc_column width=&#8221;10\/12&#8243;][\/vc_column][vc_column width=&#8221;1\/12&#8243;][\/vc_column][\/vc_row][\/vc_section]<\/p>\n","protected":false},"author":1,"featured_media":0,"parent":0,"menu_order":0,"comment_status":"closed","ping_status":"closed","template":"","meta":{"_monsterinsights_skip_tracking":false,"_monsterinsights_sitenote_active":false,"_monsterinsights_sitenote_note":"","_monsterinsights_sitenote_category":0,"footnotes":""},"aioseo_notices":[],"post_mailing_queue_ids":[],"_links":{"self":[{"href":"https:\/\/healthificraft.com\/website\/wp-json\/wp\/v2\/pages\/3110"}],"collection":[{"href":"https:\/\/healthificraft.com\/website\/wp-json\/wp\/v2\/pages"}],"about":[{"href":"https:\/\/healthificraft.com\/website\/wp-json\/wp\/v2\/types\/page"}],"author":[{"embeddable":true,"href":"https:\/\/healthificraft.com\/website\/wp-json\/wp\/v2\/users\/1"}],"replies":[{"embeddable":true,"href":"https:\/\/healthificraft.com\/website\/wp-json\/wp\/v2\/comments?post=3110"}],"version-history":[{"count":0,"href":"https:\/\/healthificraft.com\/website\/wp-json\/wp\/v2\/pages\/3110\/revisions"}],"wp:attachment":[{"href":"https:\/\/healthificraft.com\/website\/wp-json\/wp\/v2\/media?parent=3110"}],"curies":[{"name":"wp","href":"https:\/\/api.w.org\/{rel}","templated":true}]}}